{"id":5,"date":"2023-05-07T12:55:34","date_gmt":"2023-05-07T12:55:34","guid":{"rendered":"https:\/\/najlepszehashtagi.pl\/?page_id=5"},"modified":"2023-05-10T19:09:58","modified_gmt":"2023-05-10T19:09:58","slug":"najlepsze-hashtagi","status":"publish","type":"page","link":"https:\/\/najlepszehashtagi.pl\/","title":{"rendered":"Najlepsze hashtagi"},"content":{"rendered":"\n<div class=\"wp-block-uagb-container uagb-block-bf53f8d9 alignfull uagb-is-root-container\"><div class=\"uagb-container-inner-blocks-wrap\">\n<h2 class=\"wp-block-heading has-text-color\" style=\"color:#5bbab5;margin-top:var(--wp--preset--spacing--60);margin-right:0;margin-bottom:0;margin-left:0\"><strong>Najlepsze hashtagi na Instagramie w 2023 roku: Jak ich u\u017cywa\u0107, aby zwi\u0119kszy\u0107 swoj\u0105 liczb\u0119 obserwuj\u0105cych<\/strong><\/h2>\n\n\n\n<p style=\"margin-top:0;margin-right:0;margin-bottom:var(--wp--preset--spacing--60);margin-left:0\">Hashtagi na Instagramie mog\u0105 by\u0107 przyt\u0142aczaj\u0105ce. Szczeg\u00f3lnie s\u0142yszymy to od ludzi, kt\u00f3rzy chc\u0105 wykorzysta\u0107 Instagram jako narz\u0119dzie marketingowe lub do zarabiania na swojej kreatywno\u015bci. Na szcz\u0119\u015bcie, dzi\u0119ki nieco wiedzy i odpowiednim narz\u0119dziom, ka\u017cdy mo\u017ce osi\u0105gn\u0105\u0107 du\u017ce cele na tej platformie i korzysta\u0107 z publikacji tam. Dlatego dzisiaj om\u00f3wimy szczeg\u00f3\u0142owo rol\u0119 odpowiednich hashtag\u00f3w na Instagramie &#8211; poniewa\u017c je\u015bli chodzi o rozwijanie swojego profilu, MUSISZ zrozumie\u0107, jak wa\u017cne s\u0105 dla twojego sukcesu.<br><br>Jak prawdopodobnie ju\u017c wiesz, Instagram sta\u0142 si\u0119 jedn\u0105 z najpopularniejszych platform medi\u00f3w spo\u0142eczno\u015bciowych w ostatnich latach, z ponad dwoma miliardami miesi\u0119cznych aktywnych u\u017cytkownik\u00f3w. Pocz\u0105tkowo zaprojektowana do udost\u0119pniania kwadratowych zdj\u0119\u0107, aplikacja szybko sta\u0142a si\u0119 centrum tw\u00f3rc\u00f3w tre\u015bci, influencer\u00f3w i w\u0142a\u015bcicieli marek, kt\u00f3rzy chc\u0105 pokaza\u0107 swoj\u0105 kreatywno\u015b\u0107, stworzy\u0107 miejsce dla swoich my\u015bli, dotrze\u0107 do szerszej publiczno\u015bci i zebra\u0107 ludzi o podobnych zainteresowaniach. Podczas gdy Instagram pierwotnie by\u0142 platform\u0105 do dzielenia si\u0119 wspomnieniami ze znajomymi i rozrywk\u0105, te czasy dawno min\u0119\u0142y: teraz jest to pot\u0119\u017cne narz\u0119dzie marketingowe, kt\u00f3re umo\u017cliwia po\u0142\u0105czenie si\u0119 z lud\u017ami z ca\u0142ego \u015bwiata i sta\u0142o si\u0119 r\u00f3wnie\u017c g\u0142\u00f3wnym \u017ar\u00f3d\u0142em dochodu dla wielu tw\u00f3rc\u00f3w.<br><br>Interesuje Ci\u0119 nauka, jak sta\u0107 si\u0119 jednym z nich i rozwija\u0107 sw\u00f3j profil na Instagramie w strategiczny spos\u00f3b? C\u00f3\u017c, masz szcz\u0119\u015bcie, poniewa\u017c w tym przewodniku skupimy si\u0119 na wszystkim, co musisz wiedzie\u0107 o hashtagach na Instagramie, aby zwi\u0119kszy\u0107 swoj\u0105 liczb\u0119 obserwuj\u0105cych, zwi\u0119kszy\u0107 swoj\u0105 lojaln\u0105 spo\u0142eczno\u015b\u0107 i sprawi\u0107, aby proces by\u0142 bezstresowy. Zapraszamy do lektury!<\/p>\n<\/div><\/div>\n\n\n\n<div class=\"wp-block-uagb-container uagb-block-f1f9e831 alignfull uagb-is-root-container\"><div class=\"uagb-container-inner-blocks-wrap\">\n<div class=\"wp-block-uagb-call-to-action uagb-block-d7b631b2 wp-block-button\"><div class=\"uagb-cta__wrap\"><h3 class=\"uagb-cta__title\">Sprawd\u017a kt\u00f3re hasztagi s\u0105 zbanowane<\/h3><\/div><div class=\"uagb-cta__buttons\"><a href=\"https:\/\/iqhashtags.com\/\" class=\"uagb-cta__button-link-wrapper wp-block-button__link\" target=\"_self\" rel=\"noopener noreferrer\">Przejd\u017a do aplikacji<\/a><\/div><\/div>\n<\/div><\/div>\n\n\n\n<div class=\"wp-block-uagb-container uagb-block-dfc1c7dd alignfull uagb-is-root-container\"><div class=\"uagb-container-inner-blocks-wrap\">\n<h2 class=\"wp-block-heading has-text-color\" style=\"color:#5bbab5;margin-top:var(--wp--preset--spacing--60);margin-right:0;margin-bottom:0;margin-left:0\"><strong><strong>Czym s\u0105 hashtagi na Instagramie?<\/strong><\/strong><\/h2>\n\n\n\n<p class=\"has-text-color\" style=\"color:#eaeaea;margin-top:0;margin-right:0;margin-bottom:var(--wp--preset--spacing--60);margin-left:0\">Wi\u0119c moment, czym dok\u0142adnie s\u0105 hashtagi na Instagramie?<br><br>Hashtag to kombinacja liter (czasami z liczbami lub emotikonami) poprzedzona symbolem # (np. #HashtagsS\u0105Wa\u017cne). To specyficzne s\u0142owa i frazy, kt\u00f3rych u\u017cytkownicy Instagrama u\u017cywaj\u0105, aby znale\u017a\u0107 interesuj\u0105ce ich tre\u015bci. Umo\u017cliwiaj\u0105 znalezienie odpowiednich tre\u015bci podczas korzystania z wyszukiwarki na Instagramie. Dzi\u0119ki nim Twoja tre\u015b\u0107 staje si\u0119 wyszukiwalna i bardziej odkrywalna!<br><br>Ka\u017cdy hashtag jest klikalny, co oznacza, \u017ce u\u017cytkownicy, kt\u00f3rzy klikaj\u0105 na hashtag lub wyszukuj\u0105 go, zobacz\u0105 dedykowan\u0105 stron\u0119 z innymi postami i Reels oznaczonymi tym hashtagiem.<br><br>Na przyk\u0142ad, gdy u\u017cywasz hashtagu #inspiracjadopanienm\u0142odych w jednym z Twoich post\u00f3w, gdy kto\u015b kliknie na ten hashtag, odkryje ca\u0142\u0105 stron\u0119 z postami podobnymi do Twojego. Oczywi\u015bcie dzia\u0142a to w obie strony, a to dlaczego u\u017cywanie hashtag\u00f3w zwi\u0119ksza widoczno\u015b\u0107 i uwa\u017cane jest za najskuteczniejszy spos\u00f3b na dotarcie do nowych odbiorc\u00f3w.<br><br>Hashtagi s\u0105 r\u00f3wnie\u017c skutecznym sposobem organizowania publikowanych tre\u015bci. Pomagaj\u0105 algorytmom Instagrama zrozumie\u0107 Twoje regularne posty, karuzele lub Reels i dopasowa\u0107 je do potencjalnych obserwuj\u0105cych &#8211; ludzi zainteresowanych Twoj\u0105 tre\u015bci\u0105.<\/p>\n<\/div><\/div>\n\n\n\n<div class=\"wp-block-uagb-container uagb-block-39a1b5d4 alignfull uagb-is-root-container\"><div class=\"uagb-container-inner-blocks-wrap\">\n<h2 class=\"wp-block-heading has-text-color\" style=\"color:#5bbab5;margin-top:var(--wp--preset--spacing--60);margin-right:0;margin-bottom:0;margin-left:0\"><strong><strong>Dlaczego powinni\u015bmy u\u017cywa\u0107 hashtag\u00f3w?<\/strong><\/strong><\/h2>\n\n\n\n<p style=\"margin-top:0;margin-right:0;margin-bottom:0;margin-left:0\">Instagram to najbardziej oparty na hashtagach portal spo\u0142eczno\u015bciowy. Tajemnic\u0105 przyci\u0105gania docelowej publiczno\u015bci i rozwijania swojego plemienia jest u\u017cywanie w\u0142a\u015bciwych, najbardziej odpowiednich hashtag\u00f3w. Wa\u017cne jest r\u00f3wnie\u017c pami\u0119tanie, \u017ce algorytmy Instagrama odgrywaj\u0105 istotn\u0105 rol\u0119 w naszym sukcesie na platformie, a u\u017cywaj\u0105c hashtag\u00f3w, pomagamy im kategoryzowa\u0107 nasze posty, dzi\u0119ki czemu platforma mo\u017ce je \u0142atwiej dystrybuowa\u0107.<br>Dlaczego powiniene\u015b \/ powinna\u015b do\u0142\u0105cza\u0107 hashtagi do ka\u017cdego posta na Instagramie?<\/p>\n\n\n\n<ul class=\"wp-block-list\" style=\"margin-top:0;margin-right:0;margin-bottom:0;margin-left:0\">\n<li>Hashtagi dzia\u0142aj\u0105 jak biblioteka wszystkich post\u00f3w na Instagramie. Pozwalaj\u0105 odkrywa\u0107 Twoje posty i Reels, co oznacza, \u017ce Twoja docelowa publiczno\u015b\u0107 mo\u017ce \u0142atwo znale\u017a\u0107 to, czego szukaj\u0105.<\/li>\n\n\n\n<li>Hashtagi na Instagramie pomagaj\u0105 budowa\u0107 zaanga\u017cowan\u0105 spo\u0142eczno\u015b\u0107, poniewa\u017c masz wi\u0119ksz\u0105 szans\u0119 przyci\u0105gni\u0119cia ludzi o podobnych zainteresowaniach, kt\u00f3rzy s\u0105 naprawd\u0119 zainteresowani Twoj\u0105 nisz\u0105, i bardziej prawdopodobne jest, \u017ce stan\u0105 si\u0119 lojalnymi cz\u0142onkami Twojego plemienia.<\/li>\n\n\n\n<li>Wiele os\u00f3b decyduje si\u0119 na \u015bledzenie swoich ulubionych hashtag\u00f3w, co daje Ci fantastyczn\u0105 okazj\u0119 do pojawienia si\u0119 w ich feedzie ze swoimi hashtagowymi tre\u015bciami, nawet je\u015bli jeszcze Ci\u0119 nie \u015bledz\u0105.<\/li>\n\n\n\n<li>Kiedy dodajesz hashtag w swoim opisie, Twoja tre\u015b\u0107 pojawi si\u0119 na stronie przegl\u0105dania dla tego hashtagu. Mo\u017cesz zyska\u0107 dodatkow\u0105 widoczno\u015b\u0107, je\u015bli Tw\u00f3j post trafi do Top 9 dla danego hashtagu. Jak ju\u017c wiesz, ka\u017cdy hashtag ma swoj\u0105 w\u0142asn\u0105 stron\u0119 przegl\u0105dania. Strony hashtag\u00f3w zawieraj\u0105 najlepsze 9 post\u00f3w oznaczonych tym hashtagiem (zawieraj\u0105 r\u00f3wnie\u017c najnowsze posty i Reelsy na Instagramie).<\/li>\n\n\n\n<li>Hashtagi to inteligentny spos\u00f3b, aby algorytmy Instagrama zrozumia\u0142y, o czym jest Twoja tre\u015b\u0107. Upraszczaj\u0105 r\u00f3wnie\u017c, dla kogo post jest istotny i kto powinien go zobaczy\u0107.<\/li>\n<\/ul>\n\n\n\n<p><\/p>\n<\/div><\/div>\n\n\n\n<div class=\"wp-block-uagb-container uagb-block-f95fb7c7 alignfull uagb-is-root-container\"><div class=\"uagb-container-inner-blocks-wrap\">\n<h2 class=\"wp-block-heading has-text-color\" style=\"color:#5bbab5;margin-top:var(--wp--preset--spacing--60);margin-right:0;margin-bottom:0;margin-left:0\"><strong><strong>Jak wybra\u0107 najlepsze hashtagi dla swoich post\u00f3w na Instagramie?<\/strong><\/strong><\/h2>\n\n\n\n<p class=\"has-text-color\" style=\"color:#eaeaea;margin-top:0;margin-right:0;margin-bottom:0;margin-left:0\">U\u017cywanie hashtag\u00f3w na Instagramie mo\u017ce by\u0107 jednym z najskuteczniejszych sposob\u00f3w, aby tw\u00f3j profil osi\u0105gn\u0105\u0142 now\u0105 publiczno\u015b\u0107 organicznie. Jednak aby m\u0105drze korzysta\u0107 z hashtag\u00f3w i aby dzia\u0142a\u0142y na twoj\u0105 korzy\u015b\u0107 (i widoczno\u015b\u0107 na platformie!), musisz zrozumie\u0107, jak dzia\u0142aj\u0105 i po\u015bwi\u0119ci\u0107 troch\u0119 czasu na opracowanie swojej strategii hashtag\u00f3w.<br>Zacznijmy od najpraktyczniejszych taktyk, kt\u00f3re mo\u017cesz natychmiast wdro\u017cy\u0107 w swoj\u0105 strategi\u0119 hashtag\u00f3w.<\/p>\n\n\n\n<ol class=\"has-ast-global-color-6-color has-text-color wp-block-list\" style=\"margin-top:0;margin-right:0;margin-bottom:0;margin-left:0\">\n<li>Przed opublikowaniem posta, sprawd\u017a trendingowe hashtagi. Dzi\u0119ki badaniom trend\u00f3w zrozumiesz, czego ludzie aktualnie szukaj\u0105 i jak\u0105 zawarto\u015b\u0107 najcz\u0119\u015bciej konsumuj\u0105. Na przyk\u0142ad, wolumen wyszukiwa\u0144 hashtag\u00f3w zwi\u0105zanych z Bo\u017cym Narodzeniem ro\u015bnie na pocz\u0105tku grudnia i spada w ostatnim tygodniu miesi\u0105ca. Powiem ci, \u017ce podczas wykonywania bada\u0144 trend\u00f3w hashtag\u00f3w, mo\u017cesz odkry\u0107 wiele interesuj\u0105cych tendencji, kt\u00f3re pomog\u0105 ci lepiej zrozumie\u0107 spo\u0142eczno\u015b\u0107 Instagrama. M\u0105drym sposobem na przeprowadzenie bada\u0144 trend\u00f3w hashtag\u00f3w jest korzystanie z narz\u0119dzia takiego jak IQ Hashtags, kt\u00f3re pozwala wpisa\u0107 jedno s\u0142owo kluczowe zwi\u0105zane z twoj\u0105 bran\u017c\u0105 i poka\u017ce ci najlepiej powi\u0105zane hashtagi odpowiadaj\u0105ce twoim potrzebom. To \u015bwietny spos\u00f3b na odkrywanie trendingowych hashtag\u00f3w dla twoich post\u00f3w i odkrywanie tendencji, kt\u00f3re przyspiesz\u0105 tw\u00f3j organiczny wzrost.<br><br><\/li>\n\n\n\n<li>U\u017cywaj hashtag\u00f3w zwi\u0105zanych z lokalizacj\u0105. S\u0105 one fenomenalnym sposobem na odkrycie nowych potencjalnych obserwuj\u0105cych, poniewa\u017c s\u0105 ukierunkowane i \u0142atwo je wyszuka\u0107. Dodatkowy bonus? Dzi\u0119ki temu mo\u017cesz zwi\u0119kszy\u0107 swoj\u0105 lokaln\u0105 \u015bwiadomo\u015b\u0107 i nawi\u0105za\u0107 kontakt z lokaln\u0105 spo\u0142eczno\u015bci\u0105.<br><br><\/li>\n\n\n\n<li>Analizuj, kt\u00f3ry wolumen wyszukiwa\u0144 hashtag\u00f3w najlepiej pasuje do wielko\u015bci twojego profilu. Im bardziej og\u00f3lny jest hashtag, tym bardziej konkurencyjny staje si\u0119 w celu osi\u0105gni\u0119cia pierwszych dziesi\u0119ciu post\u00f3w i pozostania w sekcji najnowszych post\u00f3w. Idealnie, chcesz u\u017cywa\u0107 hashtag\u00f3w, kt\u00f3re odnosz\u0105 si\u0119 do twojego posta i rodzaju ludzi, kt\u00f3rych chcesz przyci\u0105gn\u0105\u0107 &#8211; oraz tych, z kt\u00f3rymi masz szans\u0119 na osi\u0105gni\u0119cie sekcji najlepszych post\u00f3w. Jak rozr\u00f3\u017cni\u0107, kt\u00f3ry wolumen wyszukiwa\u0144 jest dla ciebie optymalny w danym momencie? Zacznij od analizy wydajno\u015bci swoich hashtag\u00f3w z narz\u0119dziem IQ Hashtags, kt\u00f3re pozwala \u015bledzi\u0107, kt\u00f3re hashtagi daj\u0105 ci wi\u0119ksz\u0105 ekspozycj\u0119 i jaki rozmiar hashtag\u00f3w dzia\u0142a najlepiej dla twojego profilu.<br><br><\/li>\n\n\n\n<li>Odkryj, jakie hashtagi u\u017cywa twoja docelowa publiczno\u015b\u0107. Im lepsze hashtagi u\u017cyjesz, tym wi\u0119ksze szanse na odkrycie przez twoj\u0105 docelow\u0105 publiczno\u015b\u0107. Wiele z\u0142otych hashtag\u00f3w dzia\u0142a dla r\u00f3\u017cnych bran\u017c, ale najpierw musisz dowiedzie\u0107 si\u0119, jakie hashtagi dzia\u0142aj\u0105 dla TWOJEJ bran\u017cy i kt\u00f3re pomog\u0105 ci przyci\u0105gn\u0105\u0107 ludzi o podobnych zainteresowaniach i twoj\u0105 docelow\u0105 publiczno\u015b\u0107. My\u015bl jak tw\u00f3j potencjalny obserwuj\u0105cy &#8211; jakie s\u0142owa kluczowe (hashtagi) wpisaliby, aby znale\u017a\u0107 dla siebie ciekaw\u0105 tre\u015b\u0107? Zachowaj ten podej\u015bcie w my\u015blach podczas przeszukiwania nowych hashtag\u00f3w &#8211; to pomo\u017ce ci wczu\u0107 si\u0119 i my\u015ble\u0107 jak twoja docelowa publiczno\u015b\u0107, aby zidentyfikowa\u0107 najlepsze mo\u017cliwo\u015bci lub potencjalne problemy po drodze. Pami\u0119taj, my\u015bl jak tw\u00f3j potencjalny obserwuj\u0105cy i uwzgl\u0119dniaj s\u0142owa i rzeczy, kt\u00f3rymi si\u0119 interesuj\u0105.<br><\/li>\n<\/ol>\n\n\n\n<p><\/p>\n<\/div><\/div>\n\n\n\n<div class=\"wp-block-uagb-container uagb-block-1528edbf alignfull uagb-is-root-container\"><div class=\"uagb-container-inner-blocks-wrap\">\n<h2 class=\"wp-block-heading has-text-color\" style=\"color:#5bbab5;margin-top:var(--wp--preset--spacing--60);margin-right:0;margin-bottom:0;margin-left:0\"><strong><strong><strong>Najpopularniejsze i trendy hashtagi na Instagramie.<\/strong><\/strong><\/strong><\/h2>\n\n\n\n<p style=\"margin-top:0;margin-right:0;margin-bottom:0;margin-left:0\">Strategiczne badanie hashtag\u00f3w i trzymanie si\u0119 hashtag\u00f3w najbardziej zwi\u0105zanych z twoj\u0105 bran\u017c\u0105 jest kluczem do wzrostu. Niemniej jednak, od czasu do czasu, nie zaszkodzi u\u017cy\u0107 najpopularniejszych i najbardziej trendy hashtag\u00f3w, kt\u00f3re s\u0105 og\u00f3lne i zat\u0142oczone, ale czasami mog\u0105 da\u0107 ci dodatkowe wy\u015bwietlenia lub polubienia. Ciekawi ci\u0119, jakie hashtagi znajduj\u0105 si\u0119 na tej li\u015bcie obecnie?<br><br>#love #instagood #photography #photooftheday #instagram #art #nature #fashion #picoftheday #beautiful #travel #fitness #happy #likeforlikes #follow #style #photo #beauty #instadaily #followforfollowback #makeup #lifestyle #cute #summer #smile #girl #motivation #followme #model #life #instalike #like #design #food #me #tbt #music #sunset #dogsofinstagram #travelphotography #gym #naturephotography #family #artists #friends #handmade #dog #photographer #selfie #workout #fun #bhfyp #explore #interiordesign<br><br>Pami\u0119taj, \u017ce nie nale\u017cy ich nadu\u017cywa\u0107, poniewa\u017c s\u0105 one bardzo og\u00f3lne i nie przyci\u0105gn\u0105 twojej docelowej publiczno\u015bci oraz najcenniejszych i najbardziej zaanga\u017cowanych obserwuj\u0105cych. Niemniej jednak, je\u015bli dodasz je od czasu do czasu, nie musisz si\u0119 martwi\u0107. Pami\u0119taj tylko, \u017ce dobrze ukierunkowane hashtagi, kt\u00f3re znajdziesz podczas wykonywania konkretnych bada\u0144 hashtag\u00f3w, s\u0105 warte swojej wagi z\u0142ota &#8211; a najpopularniejsze, zat\u0142oczone hashtagi, wr\u0119cz przeciwnie, nie s\u0105.<\/p>\n\n\n\n<p><\/p>\n<\/div><\/div>\n\n\n\n<div class=\"wp-block-uagb-container uagb-block-7286f81c alignfull uagb-is-root-container\"><div class=\"uagb-container-inner-blocks-wrap\">\n<h2 class=\"wp-block-heading has-text-color\" style=\"color:#5bbab5;margin-top:var(--wp--preset--spacing--60);margin-right:0;margin-bottom:0;margin-left:0\"><strong><strong><strong>Najcz\u0119\u015bciej zadawane pytania dotycz\u0105ce hashtag\u00f3w na Instagramie<\/strong><\/strong><\/strong><\/h2>\n\n\n\n<p class=\"has-text-color\" style=\"color:#eaeaea;margin-top:0;margin-right:0;margin-bottom:0;margin-left:0\">Przygotowali\u015bmy FAQ, kt\u00f3re podsumowuje wszystkie najcz\u0119\u015bciej zadawane pytania dotycz\u0105ce hashtag\u00f3w na Instagramie &#8211; poniewa\u017c, jak m\u00f3wi stare przys\u0142owie, &#8220;Pytanie to pierwszy spos\u00f3b na rozpocz\u0119cie zmiany.&#8221; Uwielbiamy pytania, wi\u0119c \u015bmia\u0142o zadawajcie nam je!<\/p>\n\n\n\n<p class=\"has-text-color\" style=\"color:#eaeaea\"><em><strong>Ile hashtag\u00f3w powinienem u\u017cywa\u0107 w moich postach?<\/strong><\/em><br><br>Mo\u017cesz umie\u015bci\u0107 do 30 hashtag\u00f3w w ka\u017cdym po\u015bcie (i do 10 hashtag\u00f3w w Instagram Story). Je\u015bli wpiszesz wi\u0119cej hashtag\u00f3w, tw\u00f3j podpis nie zostanie opublikowany, a zamiast tego zobaczysz pust\u0105 przestrze\u0144 zamiast starannie opracowanego podpisu, dlatego wybieraj\u0105c 25-30 hashtag\u00f3w, dokonujesz najbezpieczniejszego wyboru.<br><br>Zak\u0142adaj\u0105c, \u017ce w \u015bwiecie medi\u00f3w spo\u0142eczno\u015bciowych cz\u0119sto wi\u0119cej znaczy lepiej, czy powinno si\u0119 u\u017cywa\u0107 maksymalnej liczby hashtag\u00f3w? Nie zaskoczymy ci\u0119: tak, ale tylko je\u015bli znajdziesz 30 odpowiednich hashtag\u00f3w zwi\u0105zanych z twoj\u0105 bran\u017c\u0105. W ten spos\u00f3b ka\u017cdy hashtag daje ci mo\u017cliwo\u015b\u0107 nawi\u0105zania kontaktu z nowymi potencjalnymi obserwuj\u0105cymi, a ka\u017cdy hashtag mo\u017ce mie\u0107 ogromne znaczenie.<em><br><\/em><br><em><strong>Jak cz\u0119sto powinienem aktualizowa\u0107 swoje hashtagi?<\/strong><br><\/em><br>M\u0105drym sposobem na okre\u015blenie, kt\u00f3re hashtagi dzia\u0142aj\u0105 dla ciebie, jest \u015bledzenie wydajno\u015bci hashtag\u00f3w (za pomoc\u0105 narz\u0119dzia, o kt\u00f3rym wcze\u015bniej wspomnieli\u015bmy) i \u015bledzenie hashtag\u00f3w, kt\u00f3re osi\u0105gaj\u0105 &#8220;najlepsze posty&#8221;. Nast\u0119pnie kontynuuj ich umieszczanie i zamieniaj reszt\u0119, a\u017c Twoje wska\u017aniki zaanga\u017cowania poprawi\u0105 si\u0119 ponownie.<br><br><strong><em>Czy warto dodawa\u0107 hashtagi do starych post\u00f3w?<\/em><\/strong><br><br>Kiedy dodasz hashtag d\u0142ugo po opublikowaniu zdj\u0119cia lub Reelu, post zostanie dodany do feedu hashtagu, ale retrospektywnie. Oznacza to, \u017ce twoja tre\u015b\u0107 pojawi si\u0119 w sekcji hashtagu, ale u\u017cytkownicy b\u0119d\u0105 musieli przewija\u0107 w czasie, aby j\u0105 znale\u017a\u0107 w tej sekcji.<\/p>\n<\/div><\/div>\n\n\n\n<div class=\"wp-block-uagb-container uagb-block-685f9074 alignfull uagb-is-root-container\"><div class=\"uagb-container-inner-blocks-wrap\">\n<div class=\"wp-block-uagb-call-to-action uagb-block-9a1b6b98 wp-block-button\"><div class=\"uagb-cta__wrap\"><h3 class=\"uagb-cta__title\">Sprawd\u017a kt\u00f3re hasztagi s\u0105 zbanowane<\/h3><\/div><div class=\"uagb-cta__buttons\"><a href=\"https:\/\/iqhashtags.com\/\" class=\"uagb-cta__button-link-wrapper wp-block-button__link\" target=\"_self\" rel=\"noopener noreferrer\">Przejd\u017a do aplikacji<\/a><\/div><\/div>\n<\/div><\/div>\n","protected":false},"excerpt":{"rendered":"","protected":false},"author":1,"featured_media":0,"parent":0,"menu_order":0,"comment_status":"closed","ping_status":"closed","template":"","meta":{"_uag_custom_page_level_css":"","site-sidebar-layout":"default","site-content-layout":"default","ast-global-header-display":"","ast-main-header-display":"","ast-hfb-above-header-display":"","ast-hfb-below-header-display":"","ast-hfb-mobile-header-display":"","site-post-title":"disabled","ast-breadcrumbs-content":"","ast-featured-img":"","footer-sml-layout":"","theme-transparent-header-meta":"","adv-header-id-meta":"","stick-header-meta":"","header-above-stick-meta":"","header-main-stick-meta":"","header-below-stick-meta":"","footnotes":""},"class_list":["post-5","page","type-page","status-publish","hentry"],"uagb_featured_image_src":{"full":false,"thumbnail":false,"medium":false,"medium_large":false,"large":false,"1536x1536":false,"2048x2048":false},"uagb_author_info":{"display_name":"admin","author_link":"https:\/\/najlepszehashtagi.pl\/author\/admin\/"},"uagb_comment_info":0,"uagb_excerpt":null,"_links":{"self":[{"href":"https:\/\/najlepszehashtagi.pl\/index.php\/wp-json\/wp\/v2\/pages\/5","targetHints":{"allow":["GET"]}}],"collection":[{"href":"https:\/\/najlepszehashtagi.pl\/index.php\/wp-json\/wp\/v2\/pages"}],"about":[{"href":"https:\/\/najlepszehashtagi.pl\/index.php\/wp-json\/wp\/v2\/types\/page"}],"author":[{"embeddable":true,"href":"https:\/\/najlepszehashtagi.pl\/index.php\/wp-json\/wp\/v2\/users\/1"}],"replies":[{"embeddable":true,"href":"https:\/\/najlepszehashtagi.pl\/index.php\/wp-json\/wp\/v2\/comments?post=5"}],"version-history":[{"count":4,"href":"https:\/\/najlepszehashtagi.pl\/index.php\/wp-json\/wp\/v2\/pages\/5\/revisions"}],"predecessor-version":[{"id":28,"href":"https:\/\/najlepszehashtagi.pl\/index.php\/wp-json\/wp\/v2\/pages\/5\/revisions\/28"}],"wp:attachment":[{"href":"https:\/\/najlepszehashtagi.pl\/index.php\/wp-json\/wp\/v2\/media?parent=5"}],"curies":[{"name":"wp","href":"https:\/\/api.w.org\/{rel}","templated":true}]}}